{"id":22218,"date":"2023-11-29T15:55:44","date_gmt":"2023-11-29T15:55:44","guid":{"rendered":"https:\/\/lesikonographes.com\/cookie-policy-eu\/"},"modified":"2023-12-08T11:57:58","modified_gmt":"2023-12-08T11:57:58","slug":"cookie-policy-eu","status":"publish","type":"page","link":"https:\/\/lesikonographes.com\/en\/cookie-policy-eu\/","title":{"rendered":"MENTIONS L\u00c9GALES"},"content":{"rendered":"<div class=\"wpb-content-wrapper\"><div     class=\"vc_row wpb_row section vc_row-fluid vc_custom_1702036670022\" style=' text-align:left;'><div class=\"full_section_inner clearfix\"><div class=\"wpb_column vc_column_container vc_col-sm-12\"><div class=\"vc_column-inner\"><div class=\"wpb_wrapper\"><div     class=\"vc_row wpb_row vc_inner section vc_row-fluid\" style=' text-align:left;'><div class=\"full_section_inner clearfix\"><div class=\"wpb_column vc_column_container vc_col-sm-12\"><div class=\"vc_column-inner\"><div class=\"wpb_wrapper\">\n\t<div class=\"wpb_text_column wpb_content_element  vc_custom_1702035182315\">\n\t\t<div class=\"wpb_wrapper\">\n\t\t\t<h3 class=\"p1\" style=\"text-align: center;\"><b>MENTIONS L\u00c9GALES<\/b><\/h3>\n\n\t\t<\/div>\n\t<\/div>\n\t<div class=\"wpb_text_column wpb_content_element  vc_custom_1702035166278\">\n\t\t<div class=\"wpb_wrapper\">\n\t\t\t<p class=\"p1\">Conform\u00e9ment aux dispositions des Articles 6-III et 19 de la Loi n\u00b02004-575 du 21 juin 2004 pour la Confiance dans l\u2019\u00e9conomie num\u00e9rique, dite L.C.E.N., il est port\u00e9 \u00e0 la connaissance des utilisateurs et visiteurs du site LES IKONOGRAPHES les pr\u00e9sentes mentions l\u00e9gales.<br \/>\nLe site LES IKONOGRAPHES est accessible \u00e0 l\u2019adresse suivante : https:\/\/lesikonographes.com\/ (ci-apr\u00e8s \u00ab\u00a0le Site\u00a0\u00bb).<span class=\"Apple-converted-space\">\u00a0<\/span><\/p>\n<p class=\"p1\">L\u2019acc\u00e8s et l\u2019utilisation du Site sont soumis aux pr\u00e9sentes \u00a0\u00bb Mentions l\u00e9gales\u00a0\u00bb d\u00e9taill\u00e9es ci-apr\u00e8s ainsi qu\u2019aux lois et\/ou r\u00e8glements applicables.<br \/>\nLa connexion, l\u2019utilisation et l\u2019acc\u00e8s \u00e0 ce Site impliquent l\u2019acceptation int\u00e9grale et sans r\u00e9serve de l\u2019utilisateur de toutes les dispositions des pr\u00e9sentes Mentions L\u00e9gales.<\/p>\n\n\t\t<\/div>\n\t<\/div>\n\t<div class=\"wpb_text_column wpb_content_element  vc_custom_1702034978005\">\n\t\t<div class=\"wpb_wrapper\">\n\t\t\t<h4 class=\"p1\"><b>\u00c9DITEUR<\/b><\/h4>\n<p class=\"p2\">Ce Site est \u00e9dit\u00e9 par LES IKONOGRAPHES, Studio de Cr\u00e9ation est situ\u00e9 au Cantroubat, 1370 Route de Saramon 32 260 Seissan, France<\/p>\n<ul class=\"ul1\">\n<li class=\"li2\">T\u00e9l\u00e9phone\u00a0: 06 38 73 28 39<\/li>\n<li class=\"li2\">SIRET\u00a0: 418 577 557<\/li>\n<li class=\"li2\">Responsable publication: Marco Loumiet \u2013 marco@lesiko.com<\/li>\n<\/ul>\n\n\t\t<\/div>\n\t<\/div>\n\t<div class=\"wpb_text_column wpb_content_element  vc_custom_1702034999794\">\n\t\t<div class=\"wpb_wrapper\">\n\t\t\t<h4 class=\"p1\"><b>CONCEPTION ET R\u00c9ALISATION<\/b><\/h4>\n<p class=\"p2\">Ce site a \u00e9t\u00e9 con\u00e7u par\u00a0LES IKONOGRAPHES Studio de Cr\u00e9ation\u00a0et r\u00e9alis\u00e9 par\u00a0LES IKONOGRAPHES, situ\u00e9 au Cantroubat, 1370 Route de Saramon 32 260 Seissan, France.<\/p>\n\n\t\t<\/div>\n\t<\/div>\n\t<div class=\"wpb_text_column wpb_content_element  vc_custom_1702035016199\">\n\t\t<div class=\"wpb_wrapper\">\n\t\t\t<h4 class=\"p1\"><b>H\u00c9BERGEUR<\/b><\/h4>\n<p class=\"p2\">Ce site est h\u00e9berg\u00e9 par\u00a0Serveurs fran\u00e7ais de PLANETHOSTER inc, si\u00e8ge social situ\u00e9 4416 Louis B. Mayer, Laval (Qu\u00e9bec) H7P 0G1, Canada.<\/p>\n\n\t\t<\/div>\n\t<\/div>\n\t<div class=\"wpb_text_column wpb_content_element  vc_custom_1702035058896\">\n\t\t<div class=\"wpb_wrapper\">\n\t\t\t<h4 class=\"p1\"><b>PROPRI\u00c9T\u00c9 INTELLECTUELLE<\/b><\/h4>\n<p class=\"p2\">Le site www.lesikonographes.com et l\u2019ensemble des \u00e9l\u00e9ments le composants (\u00e9l\u00e9ments graphiques, images, textes, photographies, vid\u00e9os, marques, logos, etc\u2026), sont prot\u00e9g\u00e9s par les lois concernant la Propri\u00e9t\u00e9 Intellectuelle et sont, selon le cas, propri\u00e9t\u00e9 de LES IKONOGRAPHES ou propri\u00e9t\u00e9 d\u2019un tiers ayant autoris\u00e9 LES IKONOGRAPHES \u00e0 les repr\u00e9senter sur le site.<\/p>\n<p class=\"p2\">En cons\u00e9quence, aucune repr\u00e9sentation, reproduction ou copie, partielle ou int\u00e9grale, ne pourra \u00eatre faite sans l\u2019accord pr\u00e9alable et \u00e9crit de LES IKONOGRAPHES.<\/p>\n<p class=\"p2\">Toute reproduction, utilisation et\/ou modification qui en serait faite sans l\u2019accord pr\u00e9alable et \u00e9crit de LES IKONOGRAPHES est susceptible de constituer un acte de contrefa\u00e7on et d\u2019\u00eatre poursuivie devant les tribunaux comp\u00e9tents.<\/p>\n<p class=\"p2\">Tout t\u00e9l\u00e9chargement, toute reproduction, repr\u00e9sentation, adaptation, traduction, et\/ou transformation, partielles ou int\u00e9grales, ou transfert sur un autre site ou sur n\u2019importe quel autre support (papier, support num\u00e9rique, film, etc.) sont strictement interdits.<\/p>\n\n\t\t<\/div>\n\t<\/div>\n\t<div class=\"wpb_text_column wpb_content_element  vc_custom_1702035085888\">\n\t\t<div class=\"wpb_wrapper\">\n\t\t\t<h4 class=\"p1\"><b>EXON\u00c9RATION DE LA RESPONSABILIT\u00c9<\/b><\/h4>\n<p class=\"p2\">LES IKONOGRAPHES s\u2019engage \u00e0 faire ses meilleurs efforts pour que le site internet soit accessible \u00e0 tout moment. N\u00e9anmoins, LES IKONOGRAPHES d\u00e9cline toute responsabilit\u00e9 en cas de difficult\u00e9 d\u2019acc\u00e8s \u00e0 son site ou d\u2019interruptions dans la connexion, quelles qu\u2019en soient les causes.<\/p>\n<p class=\"p2\">LES IKONOGRAPHES s\u2019efforce d\u2019assurer l\u2019exactitude et la mise \u00e0 jour r\u00e9guli\u00e8re des informations diffus\u00e9es sur ce site. LES IKONOGRAPHES se r\u00e9servent le droit de corriger et de modifier \u00e0 tout moment le contenu du site sans que sa responsabilit\u00e9 puisse \u00eatre engag\u00e9e de ce fait.<\/p>\n<p class=\"p2\">LES IKONOGRAPHES ne saurait \u00eatre tenu pour responsable des \u00e9l\u00e9ments en dehors de son contr\u00f4le et des dommages qui pourraient \u00e9ventuellement \u00eatre subis par les internautes, leur environnement technique, et notamment, leurs ordinateurs et les donn\u00e9es qui y sont stock\u00e9es, leurs logiciels, leur \u00e9quipement, leurs r\u00e9seaux et tout mat\u00e9riel utilis\u00e9 pour acc\u00e9der ou utiliser le site.<\/p>\n<p class=\"p2\">Par ailleurs, LES IKONOGRAPHES ne saurait \u00eatre responsable de tous pr\u00e9judices directs ou indirects r\u00e9sultant de l\u2019utilisation du site et notamment de l\u2019alt\u00e9ration ou de l\u2019acc\u00e8s frauduleux \u00e0 des donn\u00e9es et\/ou la transmission accidentelle par le biais de virus.<\/p>\n\n\t\t<\/div>\n\t<\/div>\n\t<div class=\"wpb_text_column wpb_content_element  vc_custom_1702035109162\">\n\t\t<div class=\"wpb_wrapper\">\n\t\t\t<h4 class=\"p1\"><b>LIENS HYPERTEXTES<\/b><\/h4>\n<p class=\"p2\">L\u2019\u00e9tablissement d\u2019un lien hypertexte vers le site www.lesikonographes.com n\u00e9cessite l\u2019autorisation pr\u00e9alable de LES IKONOGRAPHES. A cet \u00e9gard, LES IKONOGRAPHES se r\u00e9serve un droit d\u2019opposition sur tous lien mis en place sans son autorisation et pouvant porter atteinte \u00e0 son image, ses activit\u00e9s, ses valeurs, sa r\u00e9putation ou sa notori\u00e9t\u00e9, sans pr\u00e9judices de poursuites \u00e9ventuelles.<\/p>\n<p class=\"p2\">Les liens propos\u00e9s vers d\u2019autres sites sont communiqu\u00e9s \u00e0 titre indicatif et ne sauraient engager la responsabilit\u00e9 de LES IKONOGRAPHES, tant en ce qui concerne leur contenu que les conditions d\u2019acc\u00e8s ou de fonctionnement ni en terme de politique ou de pratique d\u2019autres soci\u00e9t\u00e9s.<\/p>\n\n\t\t<\/div>\n\t<\/div>\n\t<div class=\"wpb_text_column wpb_content_element  vc_custom_1702035125081\">\n\t\t<div class=\"wpb_wrapper\">\n\t\t\t<h4 class=\"p1\"><b>DROIT APPLICABLE<\/b><\/h4>\n<p class=\"p2\">Le pr\u00e9sent site est r\u00e9gi par le droit fran\u00e7ais.<\/p>\n\n\t\t<\/div>\n\t<\/div><\/div><\/div><\/div><\/div><\/div><\/div><\/div><\/div><\/div><\/div>\n<\/div>","protected":false},"excerpt":{"rendered":"MENTIONS L\u00c9GALES Conform\u00e9ment aux dispositions des Articles 6-III et 19 de la Loi n\u00b02004-575 du 21 juin 2004 pour la Confiance dans l\u2019\u00e9conomie num\u00e9rique, dite L.C.E.N., il est port\u00e9 \u00e0 la connaissance des utilisateurs et visiteurs du site LES IKONOGRAPHES les pr\u00e9sentes mentions l\u00e9gales. Le...","protected":false},"author":1,"featured_media":0,"parent":0,"menu_order":0,"comment_status":"closed","ping_status":"closed","template":"","meta":{"inline_featured_image":false,"footnotes":""},"class_list":["post-22218","page","type-page","status-publish","hentry"],"_links":{"self":[{"href":"https:\/\/lesikonographes.com\/en\/wp-json\/wp\/v2\/pages\/22218","targetHints":{"allow":["GET"]}}],"collection":[{"href":"https:\/\/lesikonographes.com\/en\/wp-json\/wp\/v2\/pages"}],"about":[{"href":"https:\/\/lesikonographes.com\/en\/wp-json\/wp\/v2\/types\/page"}],"author":[{"embeddable":true,"href":"https:\/\/lesikonographes.com\/en\/wp-json\/wp\/v2\/users\/1"}],"replies":[{"embeddable":true,"href":"https:\/\/lesikonographes.com\/en\/wp-json\/wp\/v2\/comments?post=22218"}],"version-history":[{"count":13,"href":"https:\/\/lesikonographes.com\/en\/wp-json\/wp\/v2\/pages\/22218\/revisions"}],"predecessor-version":[{"id":22244,"href":"https:\/\/lesikonographes.com\/en\/wp-json\/wp\/v2\/pages\/22218\/revisions\/22244"}],"wp:attachment":[{"href":"https:\/\/lesikonographes.com\/en\/wp-json\/wp\/v2\/media?parent=22218"}],"curies":[{"name":"wp","href":"https:\/\/api.w.org\/{rel}","templated":true}]}}