{"id":21988,"date":"2018-03-21T11:05:17","date_gmt":"2018-03-21T11:05:17","guid":{"rendered":"https:\/\/lesikonographes.com\/?page_id=21988"},"modified":"2020-10-24T00:02:41","modified_gmt":"2020-10-24T00:02:41","slug":"prestations","status":"publish","type":"page","link":"https:\/\/lesikonographes.com\/en\/prestations\/","title":{"rendered":"Prestations"},"content":{"rendered":"<div class=\"wpb-content-wrapper\"><div class=\"vc_row wpb_row section vc_row-fluid vc_custom_1552925537119\" style=' text-align:left;'><div class=\"full_section_inner clearfix\"><div class=\"wpb_column vc_column_container vc_col-sm-12\"><div class=\"vc_column-inner\"><div class=\"wpb_wrapper\">\n\t<div class=\"wpb_text_column wpb_content_element\">\n\t\t<div class=\"wpb_wrapper\">\n\t\t\t<h2 style=\"text-align: center;\">SERVICES<\/h2>\n\n\t\t<\/div>\n\t<\/div><\/div><\/div><\/div><\/div><\/div><div     class=\"vc_row wpb_row section vc_row-fluid vc_custom_1552929584261\" style=' text-align:left;'><div class=\"full_section_inner clearfix\"><div class=\"wpb_column vc_column_container vc_col-sm-6\"><div class=\"vc_column-inner\"><div class=\"wpb_wrapper\">\n\t<div class=\"wpb_text_column wpb_content_element\">\n\t\t<div class=\"wpb_wrapper\">\n\t\t\t<h3 style=\"text-align: center;\">BRANDING<\/h3>\n<h6 style=\"text-align: center;\">360\u00ba<\/h6>\n\n\t\t<\/div>\n\t<\/div><div class=\"separator  transparent\" style=\"border-width:1px;margin-top:20px;margin-bottom:0px\"><\/div>\n\t<div class=\"wpb_text_column wpb_content_element\">\n\t\t<div class=\"wpb_wrapper\">\n\t\t\t<p>After a initial research of your industry and a competitor analysis we shape a brand strategy which determines positioning, differentiation, the competitive advantage and a unique value proposition of your business.<\/p>\n<p>By developing and deploying brand experience in all touch points, 360\u00ba approach to design increases brand awareness and builds customer loyalty.<\/p>\n\n\t\t<\/div>\n\t<\/div><div class=\"vc_empty_space\"   style=\"height: 20px\"><span class=\"vc_empty_space_inner\"><\/span><\/div><div     class=\"vc_row wpb_row vc_inner section vc_row-fluid\" style=' text-align:left;'><div class=\"full_section_inner clearfix\"><div class=\"wpb_column vc_column_container vc_col-sm-6\"><div class=\"vc_column-inner\"><div class=\"wpb_wrapper\"><div class='q_list circle'><\/p>\n<ul>\n<li>Brand strategy<\/li>\n<li>360\u00ba approach<\/li>\n<\/ul>\n<p><\/div><\/div><\/div><\/div><div class=\"wpb_column vc_column_container vc_col-sm-6\"><div class=\"vc_column-inner\"><div class=\"wpb_wrapper\"><div class='q_list circle'><\/p>\n<ul>\n<li>Positioning<\/li>\n<\/ul>\n<p><\/div><\/div><\/div><\/div><\/div><\/div><\/div><\/div><\/div><div class=\"wpb_column vc_column_container vc_col-sm-6\"><div class=\"vc_column-inner\"><div class=\"wpb_wrapper\">\n\t<div class=\"wpb_single_image wpb_content_element vc_align_right\">\n\t\t<div class=\"wpb_wrapper\">\n\t\t\t\n\t\t\t<div class=\"vc_single_image-wrapper   vc_box_border_grey\"><img fetchpriority=\"high\" decoding=\"async\" width=\"1100\" height=\"778\" src=\"https:\/\/lesikonographes.com\/wp-content\/uploads\/2019\/03\/ikonographes-branding.jpg\" class=\"vc_single_image-img attachment-full\" alt=\"\" title=\"ikonographes-branding\" srcset=\"https:\/\/lesikonographes.com\/wp-content\/uploads\/2019\/03\/ikonographes-branding.jpg 1100w, https:\/\/lesikonographes.com\/wp-content\/uploads\/2019\/03\/ikonographes-branding-300x212.jpg 300w, https:\/\/lesikonographes.com\/wp-content\/uploads\/2019\/03\/ikonographes-branding-768x543.jpg 768w, https:\/\/lesikonographes.com\/wp-content\/uploads\/2019\/03\/ikonographes-branding-1024x724.jpg 1024w, https:\/\/lesikonographes.com\/wp-content\/uploads\/2019\/03\/ikonographes-branding-700x495.jpg 700w\" sizes=\"(max-width: 1100px) 100vw, 1100px\" \/><\/div>\n\t\t<\/div>\n\t<\/div>\n<\/div><\/div><\/div><\/div><\/div><div   data-q_id=\"#services\"   class=\"vc_row wpb_row section vc_row-fluid vc_custom_1552929575553\" style=' padding-top:50px; text-align:left;'><div class=\"full_section_inner clearfix\"><div class=\"wpb_column vc_column_container vc_col-sm-6\"><div class=\"vc_column-inner\"><div class=\"wpb_wrapper\">\n\t<div class=\"wpb_single_image wpb_content_element vc_align_left\">\n\t\t<div class=\"wpb_wrapper\">\n\t\t\t\n\t\t\t<div class=\"vc_single_image-wrapper   vc_box_border_grey\"><img decoding=\"async\" width=\"1100\" height=\"778\" src=\"https:\/\/lesikonographes.com\/wp-content\/uploads\/2019\/03\/ikonographes-design.jpg\" class=\"vc_single_image-img attachment-full\" alt=\"\" title=\"ikonographes-design\" srcset=\"https:\/\/lesikonographes.com\/wp-content\/uploads\/2019\/03\/ikonographes-design.jpg 1100w, https:\/\/lesikonographes.com\/wp-content\/uploads\/2019\/03\/ikonographes-design-300x212.jpg 300w, https:\/\/lesikonographes.com\/wp-content\/uploads\/2019\/03\/ikonographes-design-768x543.jpg 768w, https:\/\/lesikonographes.com\/wp-content\/uploads\/2019\/03\/ikonographes-design-1024x724.jpg 1024w, https:\/\/lesikonographes.com\/wp-content\/uploads\/2019\/03\/ikonographes-design-700x495.jpg 700w\" sizes=\"(max-width: 1100px) 100vw, 1100px\" \/><\/div>\n\t\t<\/div>\n\t<\/div>\n<\/div><\/div><\/div><div class=\"wpb_column vc_column_container vc_col-sm-6\"><div class=\"vc_column-inner\"><div class=\"wpb_wrapper\">\n\t<div class=\"wpb_text_column wpb_content_element\">\n\t\t<div class=\"wpb_wrapper\">\n\t\t\t<h3 style=\"text-align: center;\">Design<\/h3>\n<h6 style=\"text-align: center;\">Emotional design<\/h6>\n\n\t\t<\/div>\n\t<\/div><div class=\"separator  transparent\" style=\"border-width:1px;margin-top:20px;margin-bottom:0px\"><\/div>\n\t<div class=\"wpb_text_column wpb_content_element\">\n\t\t<div class=\"wpb_wrapper\">\n\t\t\t<p class=\"p1\">Distinctive logo and a signature visual identity go a long way in helping to establish your brand and to leave elements of recognition on your audience\u2019s mind.<br \/>\nA beautiful image always makes a great first impression. We fall in love with brands, rely on them and adhere to their values\/ culture.<br \/>\nBrand imagery and message which emotionally resonate with the audience create a lifelong relationship.<br \/>\nWe believe in emotional branding that embraces flair, sensory experiences and an innovative approach.<\/p>\n\n\t\t<\/div>\n\t<\/div><div class=\"vc_empty_space\"   style=\"height: 20px\"><span class=\"vc_empty_space_inner\"><\/span><\/div><div     class=\"vc_row wpb_row vc_inner section vc_row-fluid\" style=' text-align:left;'><div class=\"full_section_inner clearfix\"><div class=\"wpb_column vc_column_container vc_col-sm-6\"><div class=\"vc_column-inner\"><div class=\"wpb_wrapper\"><div class='q_list circle'><\/p>\n<ul>\n<li>Visual Identity<\/li>\n<li>Logo design<\/li>\n<li>Identity guideline<\/li>\n<\/ul>\n<p><\/div><\/div><\/div><\/div><div class=\"wpb_column vc_column_container vc_col-sm-6\"><div class=\"vc_column-inner\"><div class=\"wpb_wrapper\"><div class='q_list circle'><\/p>\n<ul>\n<li>Packaging<\/li>\n<li>Signage, Display<\/li>\n<li>Interior concept<\/li>\n<\/ul>\n<p><\/div><\/div><\/div><\/div><\/div><\/div><\/div><\/div><\/div><\/div><\/div><div     class=\"vc_row wpb_row section vc_row-fluid vc_custom_1552929567510 grid_section\" style='background-color:#f5f5f5; padding-top:50px; padding-bottom:20px; text-align:left;'><div class=\"section_inner clearfix\"><div class='section_inner_margin clearfix'><div class=\"wpb_column vc_column_container vc_col-sm-6\"><div class=\"vc_column-inner\"><div class=\"wpb_wrapper\">\n\t<div class=\"wpb_text_column wpb_content_element\">\n\t\t<div class=\"wpb_wrapper\">\n\t\t\t<h3 style=\"text-align: center;\">DIGITAL BRANDING<\/h3>\n<h6 style=\"text-align: center;\">Global \u201cWe\u201d<\/h6>\n\n\t\t<\/div>\n\t<\/div><div class=\"separator  transparent\" style=\"border-width:1px;margin-top:20px;margin-bottom:0px\"><\/div>\n\t<div class=\"wpb_text_column wpb_content_element\">\n\t\t<div class=\"wpb_wrapper\">\n\t\t\t<p class=\"p1\">Cyberspace has made us all global. Having an online presence is now crucial for brands and businesses both big and small.<br \/>\nCreating a responsive web design that works on all devices gives a more enjoyable experience for your visitor and better impact for a tech-enabled generation of online consumers (and yet easy to update and showcase a new product).<br \/>\nWe deliver the scalable solution to fit in each phase of your evolving business.<\/p>\n\n\t\t<\/div>\n\t<\/div><div class=\"vc_empty_space\"   style=\"height: 20px\"><span class=\"vc_empty_space_inner\"><\/span><\/div><div     class=\"vc_row wpb_row vc_inner section vc_row-fluid\" style=' text-align:left;'><div class=\"full_section_inner clearfix\"><div class=\"wpb_column vc_column_container vc_col-sm-6\"><div class=\"vc_column-inner\"><div class=\"wpb_wrapper\"><div class='q_list circle'><\/p>\n<ul>\n<li class=\"p1\">Agile design approach<\/li>\n<li class=\"p1\">UX \u2013 User Experience friendly structure &amp; Intuitive mode to display the content<\/li>\n<li class=\"p1\">Responsive design<\/li>\n<\/ul>\n<p><\/div><\/div><\/div><\/div><div class=\"wpb_column vc_column_container vc_col-sm-6\"><div class=\"vc_column-inner\"><div class=\"wpb_wrapper\"><div class='q_list circle'><\/p>\n<ul>\n<li class=\"p1\">Keep in touch \u2013  Direct Marketing<\/li>\n<li class=\"p1\">Newsletter campaign<\/li>\n<li>Unify &amp; Amplify \u2013 Social network campaign<\/li>\n<\/ul>\n<p><\/div><\/div><\/div><\/div><\/div><\/div><\/div><\/div><\/div><div class=\"wpb_column vc_column_container vc_col-sm-6\"><div class=\"vc_column-inner\"><div class=\"wpb_wrapper\">\n\t<div class=\"wpb_single_image wpb_content_element vc_align_right\">\n\t\t<div class=\"wpb_wrapper\">\n\t\t\t\n\t\t\t<div class=\"vc_single_image-wrapper   vc_box_border_grey\"><img decoding=\"async\" width=\"1100\" height=\"778\" src=\"https:\/\/lesikonographes.com\/wp-content\/uploads\/2019\/03\/ikonographes-digital-branding.jpg\" class=\"vc_single_image-img attachment-full\" alt=\"\" title=\"ikonographes-digital-branding\" srcset=\"https:\/\/lesikonographes.com\/wp-content\/uploads\/2019\/03\/ikonographes-digital-branding.jpg 1100w, https:\/\/lesikonographes.com\/wp-content\/uploads\/2019\/03\/ikonographes-digital-branding-300x212.jpg 300w, https:\/\/lesikonographes.com\/wp-content\/uploads\/2019\/03\/ikonographes-digital-branding-768x543.jpg 768w, https:\/\/lesikonographes.com\/wp-content\/uploads\/2019\/03\/ikonographes-digital-branding-1024x724.jpg 1024w, https:\/\/lesikonographes.com\/wp-content\/uploads\/2019\/03\/ikonographes-digital-branding-700x495.jpg 700w\" sizes=\"(max-width: 1100px) 100vw, 1100px\" \/><\/div>\n\t\t<\/div>\n\t<\/div>\n<\/div><\/div><\/div><\/div><\/div><\/div><div     class=\"vc_row wpb_row section vc_row-fluid vc_custom_1552929559150\" style=' text-align:left;'><div class=\"full_section_inner clearfix\"><div class=\"wpb_column vc_column_container vc_col-sm-6\"><div class=\"vc_column-inner\"><div class=\"wpb_wrapper\">\n\t<div class=\"wpb_single_image wpb_content_element vc_align_left\">\n\t\t<div class=\"wpb_wrapper\">\n\t\t\t\n\t\t\t<div class=\"vc_single_image-wrapper   vc_box_border_grey\"><img loading=\"lazy\" decoding=\"async\" width=\"1100\" height=\"778\" src=\"https:\/\/lesikonographes.com\/wp-content\/uploads\/2019\/03\/ikonographes-e-commerce.jpg\" class=\"vc_single_image-img attachment-full\" alt=\"\" title=\"ikonographes-e-commerce\" srcset=\"https:\/\/lesikonographes.com\/wp-content\/uploads\/2019\/03\/ikonographes-e-commerce.jpg 1100w, https:\/\/lesikonographes.com\/wp-content\/uploads\/2019\/03\/ikonographes-e-commerce-300x212.jpg 300w, https:\/\/lesikonographes.com\/wp-content\/uploads\/2019\/03\/ikonographes-e-commerce-768x543.jpg 768w, https:\/\/lesikonographes.com\/wp-content\/uploads\/2019\/03\/ikonographes-e-commerce-1024x724.jpg 1024w, https:\/\/lesikonographes.com\/wp-content\/uploads\/2019\/03\/ikonographes-e-commerce-700x495.jpg 700w\" sizes=\"(max-width: 1100px) 100vw, 1100px\" \/><\/div>\n\t\t<\/div>\n\t<\/div>\n<\/div><\/div><\/div><div class=\"wpb_column vc_column_container vc_col-sm-6\"><div class=\"vc_column-inner\"><div class=\"wpb_wrapper\">\n\t<div class=\"wpb_text_column wpb_content_element\">\n\t\t<div class=\"wpb_wrapper\">\n\t\t\t<h3 style=\"text-align: center;\">E-COMMERCE<\/h3>\n<h6 style=\"text-align: center;\">Open your shop<\/h6>\n\n\t\t<\/div>\n\t<\/div><div class=\"separator  transparent\" style=\"border-width:1px;margin-top:20px;margin-bottom:0px\"><\/div>\n\t<div class=\"wpb_text_column wpb_content_element\">\n\t\t<div class=\"wpb_wrapper\">\n\t\t\t<p class=\"p1\">The rise of online shopping encourages more and more businesses to optimise e-commerce.<br \/>\nThe responsive design and friendly user experience in e-boutique platforms are the norm now for online shopping experience.<br \/>\nKeeping in mind the scalability of your project we design an agile e-commerce platform which suits and meets your short and long term business goals.\nWe could also integrate an add-on e-boutique to your existing website.<\/p>\n\n\t\t<\/div>\n\t<\/div><div class=\"vc_empty_space\"   style=\"height: 20px\"><span class=\"vc_empty_space_inner\"><\/span><\/div><div     class=\"vc_row wpb_row vc_inner section vc_row-fluid\" style=' text-align:left;'><div class=\"full_section_inner clearfix\"><div class=\"wpb_column vc_column_container vc_col-sm-6\"><div class=\"vc_column-inner\"><div class=\"wpb_wrapper\"><div class='q_list circle'><\/p>\n<ul>\n<li class=\"p1\">Scalable E-shop platform<\/li>\n<li>Development \u2013 Prestashop\/Woo-Commerce<\/li>\n<\/ul>\n<p><\/div><\/div><\/div><\/div><div class=\"wpb_column vc_column_container vc_col-sm-6\"><div class=\"vc_column-inner\"><div class=\"wpb_wrapper\"><div class='q_list circle'><\/p>\n<ul>\n<li class=\"p1\">Maintenance \u2013 Back office tutorials<\/li>\n<li class=\"p1\">Daily monitoring\/Regular updates\/Security techniques<\/li>\n<li>SEO \u2013 Website code and content optimisation<\/li>\n<\/ul>\n<p><\/div><\/div><\/div><\/div><\/div><\/div><\/div><\/div><\/div><\/div><\/div><div     class=\"vc_row wpb_row section vc_row-fluid vc_custom_1552929549992 grid_section\" style='background-color:#f5f5f5; text-align:left;'><div class=\"section_inner clearfix\"><div class='section_inner_margin clearfix'><div class=\"wpb_column vc_column_container vc_col-sm-6\"><div class=\"vc_column-inner\"><div class=\"wpb_wrapper\">\n\t<div class=\"wpb_text_column wpb_content_element\">\n\t\t<div class=\"wpb_wrapper\">\n\t\t\t<h3 style=\"text-align: center;\">Art Direction<\/h3>\n<h6 style=\"text-align: center;\">Story Styler<\/h6>\n\n\t\t<\/div>\n\t<\/div><div class=\"separator  transparent\" style=\"border-width:1px;margin-top:20px;margin-bottom:0px\"><\/div>\n\t<div class=\"wpb_text_column wpb_content_element\">\n\t\t<div class=\"wpb_wrapper\">\n\t\t\t<p class=\"p1\">Brand\u2019s own signature style and story which tells its culture, values and vision within one strong point of view.<br \/>\nWe strive to design a visual narrative in combination with the most genuine tone of voice in the copy to tell the brand\u2019s story. Palette of style could vary from the highly sophisticated fashion images to a very simple hand drawn illustration.<\/p>\n\n\t\t<\/div>\n\t<\/div><div class=\"vc_empty_space\"   style=\"height: 20px\"><span class=\"vc_empty_space_inner\"><\/span><\/div><div     class=\"vc_row wpb_row vc_inner section vc_row-fluid\" style=' text-align:left;'><div class=\"full_section_inner clearfix\"><div class=\"wpb_column vc_column_container vc_col-sm-6\"><div class=\"vc_column-inner\"><div class=\"wpb_wrapper\"><div class='q_list circle'><\/p>\n<ul>\n<li class=\"p1\">\n<p class=\"p1\">Brand imagery<\/p>\n<\/li>\n<li class=\"p1\">\n<p class=\"p1\">Photographic Art direction<\/p>\n<\/li>\n<\/ul>\n<p><\/div><\/div><\/div><\/div><div class=\"wpb_column vc_column_container vc_col-sm-6\"><div class=\"vc_column-inner\"><div class=\"wpb_wrapper\"><div class='q_list circle'><\/p>\n<ul>\n<li>Illustrations<\/li>\n<\/ul>\n<p><\/div><\/div><\/div><\/div><\/div><\/div><\/div><\/div><\/div><div class=\"wpb_column vc_column_container vc_col-sm-6\"><div class=\"vc_column-inner\"><div class=\"wpb_wrapper\">\n\t<div class=\"wpb_single_image wpb_content_element vc_align_right\">\n\t\t<div class=\"wpb_wrapper\">\n\t\t\t\n\t\t\t<div class=\"vc_single_image-wrapper   vc_box_border_grey\"><img loading=\"lazy\" decoding=\"async\" width=\"1100\" height=\"778\" src=\"https:\/\/lesikonographes.com\/wp-content\/uploads\/2019\/03\/ikonographes-direction-artistique.jpg\" class=\"vc_single_image-img attachment-full\" alt=\"\" title=\"ikonographes-direction-artistique\" srcset=\"https:\/\/lesikonographes.com\/wp-content\/uploads\/2019\/03\/ikonographes-direction-artistique.jpg 1100w, https:\/\/lesikonographes.com\/wp-content\/uploads\/2019\/03\/ikonographes-direction-artistique-300x212.jpg 300w, https:\/\/lesikonographes.com\/wp-content\/uploads\/2019\/03\/ikonographes-direction-artistique-768x543.jpg 768w, https:\/\/lesikonographes.com\/wp-content\/uploads\/2019\/03\/ikonographes-direction-artistique-1024x724.jpg 1024w, https:\/\/lesikonographes.com\/wp-content\/uploads\/2019\/03\/ikonographes-direction-artistique-700x495.jpg 700w\" sizes=\"(max-width: 1100px) 100vw, 1100px\" \/><\/div>\n\t\t<\/div>\n\t<\/div>\n<\/div><\/div><\/div><\/div><\/div><\/div><div     class=\"vc_row wpb_row section vc_row-fluid vc_custom_1552929539541\" style=' text-align:left;'><div class=\"full_section_inner clearfix\"><div class=\"wpb_column vc_column_container vc_col-sm-6\"><div class=\"vc_column-inner\"><div class=\"wpb_wrapper\">\n\t<div class=\"wpb_single_image wpb_content_element vc_align_right\">\n\t\t<div class=\"wpb_wrapper\">\n\t\t\t\n\t\t\t<div class=\"vc_single_image-wrapper   vc_box_border_grey\"><img loading=\"lazy\" decoding=\"async\" width=\"1024\" height=\"724\" src=\"https:\/\/lesikonographes.com\/wp-content\/uploads\/2019\/03\/ikonographes-photographie-1024x724.jpg\" class=\"vc_single_image-img attachment-large\" alt=\"\" title=\"ikonographes-photographie\" srcset=\"https:\/\/lesikonographes.com\/wp-content\/uploads\/2019\/03\/ikonographes-photographie-1024x724.jpg 1024w, https:\/\/lesikonographes.com\/wp-content\/uploads\/2019\/03\/ikonographes-photographie-300x212.jpg 300w, https:\/\/lesikonographes.com\/wp-content\/uploads\/2019\/03\/ikonographes-photographie-768x543.jpg 768w, https:\/\/lesikonographes.com\/wp-content\/uploads\/2019\/03\/ikonographes-photographie-700x495.jpg 700w, https:\/\/lesikonographes.com\/wp-content\/uploads\/2019\/03\/ikonographes-photographie.jpg 1100w\" sizes=\"(max-width: 1024px) 100vw, 1024px\" \/><\/div>\n\t\t<\/div>\n\t<\/div>\n<\/div><\/div><\/div><div class=\"wpb_column vc_column_container vc_col-sm-6\"><div class=\"vc_column-inner\"><div class=\"wpb_wrapper\">\n\t<div class=\"wpb_text_column wpb_content_element\">\n\t\t<div class=\"wpb_wrapper\">\n\t\t\t<h3 style=\"text-align: center;\">Photography<\/h3>\n<h6 style=\"text-align: center;\">Portray your Brand<\/h6>\n\n\t\t<\/div>\n\t<\/div><div class=\"vc_empty_space\"   style=\"height: 20px\"><span class=\"vc_empty_space_inner\"><\/span><\/div>\n\t<div class=\"wpb_text_column wpb_content_element\">\n\t\t<div class=\"wpb_wrapper\">\n\t\t\t<p>One picture speaks a thousand words, a fabulous way to tell your story<br \/>\nWe value a distinctive and high quality imagery to portray your brand and products and also the individuals behind the scene in order to create an emotional connection. This encourages customers to identify with the brand.<\/p>\n<p>Beautiful and engaging pictures create a welcoming online space that would make your visitors want to linger.<\/p>\n\n\t\t<\/div>\n\t<\/div><div class=\"vc_empty_space\"   style=\"height: 100px\"><span class=\"vc_empty_space_inner\"><\/span><\/div><div     class=\"vc_row wpb_row vc_inner section vc_row-fluid\" style=' text-align:left;'><div class=\"full_section_inner clearfix\"><div class=\"wpb_column vc_column_container vc_col-sm-6\"><div class=\"vc_column-inner\"><div class=\"wpb_wrapper\"><div class='q_list circle'><\/p>\n<ul>\n<li class=\"p1\">\n<p class=\"p1\">In house photo studio<\/p>\n<\/li>\n<li class=\"p1\">\n<p class=\"p1\">Portraits \u2013 fashion &amp; beauty<\/p>\n<\/li>\n<\/ul>\n<p><\/div><\/div><\/div><\/div><div class=\"wpb_column vc_column_container vc_col-sm-6\"><div class=\"vc_column-inner\"><div class=\"wpb_wrapper\"><div class='q_list circle'><\/p>\n<ul>\n<li class=\"p1\">Still life \u2013 products<\/li>\n<li class=\"p1\">\n<p class=\"p1\">Interiors<\/p>\n<\/li>\n<\/ul>\n<p><\/div><\/div><\/div><\/div><\/div><\/div><\/div><\/div><\/div><\/div><\/div>\n<\/div>","protected":false},"excerpt":{"rendered":"PRESTATIONS BRANDING 360\u00ba Apr\u00e8s une phase de recherche initiale approfondie dans votre secteur d'activit\u00e9 et l'analyse de vos concurrents, nous mettons en place une strat\u00e9gie de marque qui d\u00e9termine son positionnement ( leader, challenger ou newcomer...) et valorise les points de diff\u00e9renciation et de comp\u00e9titivit\u00e9...","protected":false},"author":1,"featured_media":0,"parent":0,"menu_order":1,"comment_status":"open","ping_status":"closed","template":"","meta":{"inline_featured_image":false,"footnotes":""},"class_list":["post-21988","page","type-page","status-publish","hentry"],"_links":{"self":[{"href":"https:\/\/lesikonographes.com\/en\/wp-json\/wp\/v2\/pages\/21988","targetHints":{"allow":["GET"]}}],"collection":[{"href":"https:\/\/lesikonographes.com\/en\/wp-json\/wp\/v2\/pages"}],"about":[{"href":"https:\/\/lesikonographes.com\/en\/wp-json\/wp\/v2\/types\/page"}],"author":[{"embeddable":true,"href":"https:\/\/lesikonographes.com\/en\/wp-json\/wp\/v2\/users\/1"}],"replies":[{"embeddable":true,"href":"https:\/\/lesikonographes.com\/en\/wp-json\/wp\/v2\/comments?post=21988"}],"version-history":[{"count":49,"href":"https:\/\/lesikonographes.com\/en\/wp-json\/wp\/v2\/pages\/21988\/revisions"}],"predecessor-version":[{"id":22198,"href":"https:\/\/lesikonographes.com\/en\/wp-json\/wp\/v2\/pages\/21988\/revisions\/22198"}],"wp:attachment":[{"href":"https:\/\/lesikonographes.com\/en\/wp-json\/wp\/v2\/media?parent=21988"}],"curies":[{"name":"wp","href":"https:\/\/api.w.org\/{rel}","templated":true}]}}